{"id":4278,"date":"2020-12-03T15:34:44","date_gmt":"2020-12-03T14:34:44","guid":{"rendered":"https:\/\/giosbejournal.com\/?page_id=4278"},"modified":"2022-08-09T09:37:39","modified_gmt":"2022-08-09T07:37:39","slug":"lista-autori","status":"publish","type":"page","link":"https:\/\/www.giosbejournal.com\/index.php\/lista-autori\/","title":{"rendered":"Lista autori"},"content":{"rendered":"<p>[et_pb_section admin_label=&#8221;Sezione&#8221; transparent_background=&#8221;off&#8221; background_color=&#8221;#f4f4f4&#8243; allow_player_pause=&#8221;off&#8221; inner_shadow=&#8221;off&#8221; parallax=&#8221;off&#8221; parallax_method=&#8221;on&#8221; custom_padding=&#8221;0px|0px|0px|0px&#8221; make_fullwidth=&#8221;off&#8221; use_custom_width=&#8221;off&#8221; width_unit=&#8221;off&#8221; custom_width_px=&#8221;1080px&#8221; custom_width_percent=&#8221;80%&#8221; make_equal=&#8221;off&#8221; use_custom_gutter=&#8221;off&#8221; fullwidth=&#8221;on&#8221; specialty=&#8221;off&#8221; disabled=&#8221;off&#8221;][et_pb_fullwidth_header admin_label=&#8221;Intestazione a Larghezza Piena&#8221; subhead=&#8221;Advertisement&#8221; background_layout=&#8221;light&#8221; text_orientation=&#8221;left&#8221; header_fullscreen=&#8221;off&#8221; header_scroll_down=&#8221;off&#8221; scroll_down_icon=&#8221;;&#8221; parallax=&#8221;off&#8221; parallax_method=&#8221;off&#8221; content_orientation=&#8221;center&#8221; image_orientation=&#8221;center&#8221; title_font_size=&#8221;30px&#8221; content_font_size=&#8221;14px&#8221; custom_button_one=&#8221;off&#8221; button_one_text_size=&#8221;20&#8243; button_one_letter_spacing=&#8221;0&#8243; button_one_use_icon=&#8221;default&#8221; button_one_icon_placement=&#8221;right&#8221; button_one_on_hover=&#8221;on&#8221; button_one_letter_spacing_hover=&#8221;0&#8243; custom_button_two=&#8221;off&#8221; button_two_text_size=&#8221;20&#8243; button_two_letter_spacing=&#8221;0&#8243; button_two_use_icon=&#8221;default&#8221; button_two_icon_placement=&#8221;right&#8221; button_two_on_hover=&#8221;on&#8221; button_two_letter_spacing_hover=&#8221;0&#8243; disabled=&#8221;off&#8221;] [\/et_pb_fullwidth_header][\/et_pb_section][et_pb_section admin_label=&#8221;section&#8221; transparent_background=&#8221;off&#8221; allow_player_pause=&#8221;off&#8221; inner_shadow=&#8221;off&#8221; parallax=&#8221;off&#8221; parallax_method=&#8221;on&#8221; make_fullwidth=&#8221;off&#8221; use_custom_width=&#8221;off&#8221; width_unit=&#8221;off&#8221; custom_width_px=&#8221;1080px&#8221; custom_width_percent=&#8221;80%&#8221; make_equal=&#8221;off&#8221; use_custom_gutter=&#8221;off&#8221; fullwidth=&#8221;off&#8221; specialty=&#8221;off&#8221; disabled=&#8221;off&#8221;][et_pb_row admin_label=&#8221;Riga&#8221; make_fullwidth=&#8221;off&#8221; use_custom_width=&#8221;off&#8221; width_unit=&#8221;off&#8221; custom_width_px=&#8221;1080px&#8221; custom_width_percent=&#8221;80%&#8221; use_custom_gutter=&#8221;off&#8221; gutter_width=&#8221;3&#8243; allow_player_pause=&#8221;off&#8221; parallax=&#8221;off&#8221; parallax_method=&#8221;on&#8221; make_equal=&#8221;off&#8221; parallax_1=&#8221;off&#8221; parallax_method_1=&#8221;on&#8221; parallax_2=&#8221;off&#8221; parallax_method_2=&#8221;on&#8221; parallax_3=&#8221;off&#8221; parallax_method_3=&#8221;on&#8221; parallax_4=&#8221;off&#8221; parallax_method_4=&#8221;on&#8221; disabled=&#8221;off&#8221;][et_pb_column type=&#8221;4_4&#8243;][et_pb_text admin_label=&#8221;Testo&#8221; background_layout=&#8221;light&#8221; text_orientation=&#8221;left&#8221; use_border_color=&#8221;off&#8221; border_style=&#8221;solid&#8221; disabled=&#8221;off&#8221; border_color=&#8221;#ffffff&#8221;]<\/p>\n<p><strong>LISTA AUTORI<\/strong><\/p>\n<hr \/>\n<p>[\/et_pb_text][\/et_pb_column][\/et_pb_row][et_pb_row admin_label=&#8221;row&#8221; make_fullwidth=&#8221;off&#8221; use_custom_width=&#8221;off&#8221; width_unit=&#8221;off&#8221; custom_width_px=&#8221;1080px&#8221; custom_width_percent=&#8221;80%&#8221; use_custom_gutter=&#8221;off&#8221; gutter_width=&#8221;3&#8243; allow_player_pause=&#8221;off&#8221; parallax=&#8221;off&#8221; parallax_method=&#8221;on&#8221; make_equal=&#8221;off&#8221; parallax_1=&#8221;off&#8221; parallax_method_1=&#8221;on&#8221; parallax_2=&#8221;off&#8221; parallax_method_2=&#8221;on&#8221; parallax_3=&#8221;off&#8221; parallax_method_3=&#8221;on&#8221; parallax_4=&#8221;off&#8221; parallax_method_4=&#8221;on&#8221; disabled=&#8221;off&#8221;][et_pb_column type=&#8221;1_4&#8243;][et_pb_toggle admin_label=&#8221;A-F&#8221; title=&#8221;A-F&#8221; open=&#8221;off&#8221; use_border_color=&#8221;off&#8221; border_color=&#8221;#ffffff&#8221; border_style=&#8221;solid&#8221; disabled=&#8221;off&#8221;]<\/p>\n<p>Alfatti Francesco<\/p>\n<p>Armeni Massimo<\/p>\n<p><strong>\u00a0\u00a0 <a href=\"http:\/\/orcid.org\/0000-0002-9181-9358\"><img loading=\"lazy\" class=\"alignnone wp-image-4949 size-full\" src=\"https:\/\/giosbejournal.com\/wp-content\/uploads\/2017\/11\/ORCIDiD_icon16x16.png\" alt=\"orcidid_icon16x16\" width=\"16\" height=\"16\" \/><\/a><a href=\"https:\/\/orcid.org\/0000-0002-9181-9358\">CIvitillo Claudio<\/a><\/strong><\/p>\n<p>Bjelica B.<\/p>\n<p>Borzone Stefano<\/p>\n<p>De Iasio Giuseppe<\/p>\n<p><strong>\u00a0\u00a0<a href=\"https:\/\/orcid.org\/0000-0002-8995-3072\"><img loading=\"lazy\" class=\"alignnone wp-image-4949 size-full\" src=\"https:\/\/giosbejournal.com\/wp-content\/uploads\/2017\/11\/ORCIDiD_icon16x16.png\" alt=\"orcidid_icon16x16\" width=\"16\" height=\"16\" \/><\/a><a href=\"https:\/\/orcid.org\/0000-0002-8995-3072\">D&#8217;Onofrio Rosario <\/a><\/strong><\/p>\n<p>Castellacci Enrico<\/p>\n<p>Conte Oreste<\/p>\n<p>Febbrari L.<\/p>\n<p>[\/et_pb_toggle][\/et_pb_column][et_pb_column type=&#8221;1_4&#8243;][et_pb_toggle admin_label=&#8221;G-N&#8221; title=&#8221;G-N&#8221; open=&#8221;off&#8221; use_border_color=&#8221;off&#8221; border_color=&#8221;#ffffff&#8221; border_style=&#8221;solid&#8221; disabled=&#8221;off&#8221;]<\/p>\n<p><strong><a href=\"https:\/\/www.researchgate.net\/profile\/Arnold_Goedhart2\/research\">Goedhart Arnold<br \/>\n<\/a><\/strong><\/p>\n<p>Granito Andrea<\/p>\n<p><strong><a href=\"https:\/\/pubmed.ncbi.nlm.nih.gov\/?term=Leggio+M&amp;cauthor_id=31399956\">Leggio Massimo<\/a><\/strong><\/p>\n<p>Marasco Marcello Luca<\/p>\n<p>[\/et_pb_toggle][\/et_pb_column][et_pb_column type=&#8221;1_4&#8243;][et_pb_toggle admin_label=&#8221;O-S&#8221; title=&#8221;O-S&#8221; open=&#8221;off&#8221; use_border_color=&#8221;off&#8221; border_color=&#8221;#ffffff&#8221; border_width=&#8221;1px&#8221; border_style=&#8221;solid&#8221; disabled=&#8221;off&#8221;]<\/p>\n<p><strong><a href=\"https:\/\/www.researchgate.net\/profile\/Mario_Scappaticcio\">Scappaticcio Mario<\/a><\/strong><\/p>\n<p>Soggia Fabio<\/p>\n<p>[\/et_pb_toggle][\/et_pb_column][et_pb_column type=&#8221;1_4&#8243;][et_pb_toggle admin_label=&#8221;T-Z&#8221; title=&#8221;T-Z&#8221; open=&#8221;off&#8221; use_border_color=&#8221;off&#8221; border_color=&#8221;#ffffff&#8221; border_style=&#8221;solid&#8221; disabled=&#8221;off&#8221;]<\/p>\n<p><strong><a href=\"https:\/\/www.researchgate.net\/scientific-contributions\/Frederic-Van-Burm-2131668686\">Van Burm <\/a><a href=\"https:\/\/www.researchgate.net\/scientific-contributions\/Frederic-Van-Burm-2131668686\">Fr\u00e8d\u00e8ric<\/a><\/strong><\/p>\n<p>Viviani Gianluca<\/p>\n<p>Tamburrino Pasquale<\/p>\n<p>Ribizzi Giuseppe<\/p>\n<p>Tripoldi S.<\/p>\n<p>Zelenovi\u0107 M.<\/p>\n<p>[\/et_pb_toggle][\/et_pb_column][\/et_pb_row][\/et_pb_section][et_pb_section admin_label=&#8221;Sezione&#8221; transparent_background=&#8221;off&#8221; background_color=&#8221;#f2f2f2&#8243; allow_player_pause=&#8221;off&#8221; inner_shadow=&#8221;off&#8221; parallax=&#8221;off&#8221; parallax_method=&#8221;on&#8221; custom_padding=&#8221;0px|0px|0px|0px&#8221; make_fullwidth=&#8221;off&#8221; use_custom_width=&#8221;off&#8221; width_unit=&#8221;off&#8221; custom_width_px=&#8221;1080px&#8221; custom_width_percent=&#8221;80%&#8221; make_equal=&#8221;off&#8221; use_custom_gutter=&#8221;off&#8221; fullwidth=&#8221;off&#8221; specialty=&#8221;off&#8221; disabled=&#8221;off&#8221;][et_pb_row admin_label=&#8221;Riga&#8221; make_fullwidth=&#8221;off&#8221; use_custom_width=&#8221;off&#8221; width_unit=&#8221;off&#8221; custom_width_px=&#8221;1080px&#8221; custom_width_percent=&#8221;80%&#8221; use_custom_gutter=&#8221;off&#8221; gutter_width=&#8221;3&#8243; allow_player_pause=&#8221;off&#8221; parallax=&#8221;off&#8221; parallax_method=&#8221;on&#8221; make_equal=&#8221;off&#8221; parallax_1=&#8221;off&#8221; parallax_method_1=&#8221;on&#8221; parallax_2=&#8221;off&#8221; parallax_method_2=&#8221;on&#8221; parallax_3=&#8221;off&#8221; parallax_method_3=&#8221;on&#8221; parallax_4=&#8221;off&#8221; parallax_method_4=&#8221;on&#8221; disabled=&#8221;off&#8221;][et_pb_column type=&#8221;2_3&#8243;][et_pb_text admin_label=&#8221;Testo&#8221; background_layout=&#8221;light&#8221; text_orientation=&#8221;left&#8221; use_border_color=&#8221;off&#8221; border_style=&#8221;solid&#8221; disabled=&#8221;off&#8221;]<\/p>\n<h4><em><strong>GJ Open Access<br \/>\n<\/strong><\/em><\/h4>\n<p>[\/et_pb_text][\/et_pb_column][et_pb_column type=&#8221;1_3&#8243;][et_pb_text admin_label=&#8221;Testo&#8221; background_layout=&#8221;light&#8221; text_orientation=&#8221;left&#8221; use_border_color=&#8221;off&#8221; border_style=&#8221;solid&#8221; disabled=&#8221;off&#8221;]<\/p>\n<h4><em><strong>Support email<\/strong><\/em><\/h4>\n<p>segreteria.giosbe@gmail.com<\/p>\n<p>[\/et_pb_text][\/et_pb_column][\/et_pb_row][\/et_pb_section]<\/p>\n","protected":false},"excerpt":{"rendered":"<p>LISTA AUTORI Alfatti Francesco Armeni Massimo \u00a0\u00a0 CIvitillo Claudio Bjelica B. Borzone Stefano De Iasio Giuseppe \u00a0\u00a0D&#8217;Onofrio Rosario Castellacci Enrico Conte Oreste Febbrari L. Goedhart Arnold Granito Andrea Leggio Massimo Marasco Marcello Luca Scappaticcio Mario Soggia Fabio Van Burm Fr\u00e8d\u00e8ric Viviani Gianluca Tamburrino Pasquale Ribizzi Giuseppe Tripoldi S. Zelenovi\u0107 M. GJ Open Access Support email [&hellip;]<\/p>\n","protected":false},"author":1,"featured_media":0,"parent":0,"menu_order":0,"comment_status":"closed","ping_status":"closed","template":"","meta":{"_et_pb_use_builder":"on","_et_pb_old_content":"","_et_gb_content_width":""},"_links":{"self":[{"href":"https:\/\/www.giosbejournal.com\/index.php\/wp-json\/wp\/v2\/pages\/4278"}],"collection":[{"href":"https:\/\/www.giosbejournal.com\/index.php\/wp-json\/wp\/v2\/pages"}],"about":[{"href":"https:\/\/www.giosbejournal.com\/index.php\/wp-json\/wp\/v2\/types\/page"}],"author":[{"embeddable":true,"href":"https:\/\/www.giosbejournal.com\/index.php\/wp-json\/wp\/v2\/users\/1"}],"replies":[{"embeddable":true,"href":"https:\/\/www.giosbejournal.com\/index.php\/wp-json\/wp\/v2\/comments?post=4278"}],"version-history":[{"count":60,"href":"https:\/\/www.giosbejournal.com\/index.php\/wp-json\/wp\/v2\/pages\/4278\/revisions"}],"predecessor-version":[{"id":5790,"href":"https:\/\/www.giosbejournal.com\/index.php\/wp-json\/wp\/v2\/pages\/4278\/revisions\/5790"}],"wp:attachment":[{"href":"https:\/\/www.giosbejournal.com\/index.php\/wp-json\/wp\/v2\/media?parent=4278"}],"curies":[{"name":"wp","href":"https:\/\/api.w.org\/{rel}","templated":true}]}}