{"id":5121,"date":"2021-06-24T09:11:47","date_gmt":"2021-06-24T07:11:47","guid":{"rendered":"https:\/\/giosbejournal.com\/?page_id=5121"},"modified":"2022-02-02T10:38:58","modified_gmt":"2022-02-02T09:38:58","slug":"overview-e-criteri-based-sulla-rimodulazione-tecnico-e-tattica-nella-late-stage-riabilitativa-calcistica-short-report","status":"publish","type":"page","link":"https:\/\/www.giosbejournal.com\/index.php\/overview-e-criteri-based-sulla-rimodulazione-tecnico-e-tattica-nella-late-stage-riabilitativa-calcistica-short-report\/","title":{"rendered":"Overview e Criteri-based sulla rimodulazione tecnico e tattica nella Late-stage Riabilitativa calcistica: Short Report"},"content":{"rendered":"<p>[et_pb_section admin_label=&#8221;Sezione&#8221; transparent_background=&#8221;off&#8221; background_color=&#8221;#f4f4f4&#8243; allow_player_pause=&#8221;off&#8221; inner_shadow=&#8221;off&#8221; parallax=&#8221;off&#8221; parallax_method=&#8221;on&#8221; custom_padding=&#8221;0px|0px|0px|0px&#8221; make_fullwidth=&#8221;off&#8221; use_custom_width=&#8221;off&#8221; width_unit=&#8221;off&#8221; custom_width_px=&#8221;1080px&#8221; custom_width_percent=&#8221;80%&#8221; make_equal=&#8221;off&#8221; use_custom_gutter=&#8221;off&#8221; fullwidth=&#8221;on&#8221; specialty=&#8221;off&#8221; disabled=&#8221;off&#8221;][et_pb_fullwidth_header admin_label=&#8221;Intestazione a Larghezza Piena&#8221; subhead=&#8221;Advertisement&#8221; background_layout=&#8221;light&#8221; text_orientation=&#8221;left&#8221; header_fullscreen=&#8221;off&#8221; header_scroll_down=&#8221;off&#8221; scroll_down_icon=&#8221;;&#8221; parallax=&#8221;off&#8221; parallax_method=&#8221;off&#8221; content_orientation=&#8221;center&#8221; image_orientation=&#8221;center&#8221; title_font_size=&#8221;30px&#8221; content_font_size=&#8221;14px&#8221; custom_button_one=&#8221;off&#8221; button_one_text_size=&#8221;20&#8243; button_one_letter_spacing=&#8221;0&#8243; button_one_use_icon=&#8221;default&#8221; button_one_icon_placement=&#8221;right&#8221; button_one_on_hover=&#8221;on&#8221; button_one_letter_spacing_hover=&#8221;0&#8243; custom_button_two=&#8221;off&#8221; button_two_text_size=&#8221;20&#8243; button_two_letter_spacing=&#8221;0&#8243; button_two_use_icon=&#8221;default&#8221; button_two_icon_placement=&#8221;right&#8221; button_two_on_hover=&#8221;on&#8221; button_two_letter_spacing_hover=&#8221;0&#8243; disabled=&#8221;off&#8221;]<\/p>\n<p><span style=\"border-radius: 2px; text-indent: 20px; width: auto; padding: 0px 4px 0px 0px; text-align: center; font: bold 11px\/20px 'Helvetica Neue',Helvetica,sans-serif; color: #ffffff; background: #bd081c no-repeat scroll 3px 50% \/ 14px 14px; position: absolute; opacity: 1; z-index: 8675309; display: none; cursor: pointer;\">Salva<\/span><\/p>\n<p><span style=\"border-radius: 2px; text-indent: 20px; width: auto; padding: 0px 4px 0px 0px; text-align: center; font: bold 11px\/20px 'Helvetica Neue',Helvetica,sans-serif; color: #ffffff; background: #bd081c no-repeat scroll 3px 50% \/ 14px 14px; position: absolute; opacity: 1; z-index: 8675309; display: none; cursor: pointer;\">Salva<\/span><\/p>\n<p><span style=\"border-radius: 2px; text-indent: 20px; width: auto; padding: 0px 4px 0px 0px; text-align: center; font: bold 11px\/20px 'Helvetica Neue',Helvetica,sans-serif; color: #ffffff; background: #bd081c no-repeat scroll 3px 50% \/ 14px 14px; position: absolute; opacity: 1; z-index: 8675309; display: none; cursor: pointer;\">Salva<\/span><\/p>\n<p><span style=\"border-radius: 2px; text-indent: 20px; width: auto; padding: 0px 4px 0px 0px; text-align: center; font: bold 11px\/20px 'Helvetica Neue',Helvetica,sans-serif; color: #ffffff; background: #bd081c no-repeat scroll 3px 50% \/ 14px 14px; position: absolute; opacity: 1; z-index: 8675309; display: none; cursor: pointer; top: 29px; left: 40px;\">Salva<\/span><\/p>\n<p>[\/et_pb_fullwidth_header][\/et_pb_section][et_pb_section admin_label=&#8221;section&#8221; transparent_background=&#8221;off&#8221; allow_player_pause=&#8221;off&#8221; inner_shadow=&#8221;off&#8221; parallax=&#8221;off&#8221; parallax_method=&#8221;on&#8221; custom_padding=&#8221;0px|0px|54px|0px&#8221; make_fullwidth=&#8221;off&#8221; use_custom_width=&#8221;off&#8221; width_unit=&#8221;off&#8221; custom_width_px=&#8221;1080px&#8221; custom_width_percent=&#8221;80%&#8221; make_equal=&#8221;off&#8221; use_custom_gutter=&#8221;off&#8221; fullwidth=&#8221;off&#8221; specialty=&#8221;off&#8221; disabled=&#8221;off&#8221;][et_pb_row admin_label=&#8221;row&#8221; make_fullwidth=&#8221;off&#8221; use_custom_width=&#8221;off&#8221; width_unit=&#8221;off&#8221; custom_width_px=&#8221;1080px&#8221; custom_width_percent=&#8221;80%&#8221; use_custom_gutter=&#8221;off&#8221; gutter_width=&#8221;3&#8243; allow_player_pause=&#8221;off&#8221; parallax=&#8221;off&#8221; parallax_method=&#8221;on&#8221; make_equal=&#8221;off&#8221; parallax_1=&#8221;off&#8221; parallax_method_1=&#8221;on&#8221; parallax_2=&#8221;off&#8221; parallax_method_2=&#8221;on&#8221; parallax_3=&#8221;off&#8221; parallax_method_3=&#8221;on&#8221; parallax_4=&#8221;off&#8221; parallax_method_4=&#8221;on&#8221; disabled=&#8221;off&#8221;][et_pb_column type=&#8221;3_4&#8243;][et_pb_text admin_label=&#8221;SHORT REPORT OVERVIEW CALCIO&#8221; background_layout=&#8221;light&#8221; text_orientation=&#8221;left&#8221; use_border_color=&#8221;off&#8221; border_style=&#8221;solid&#8221; disabled=&#8221;off&#8221; border_color=&#8221;#ffffff&#8221;]<\/p>\n<h3>SHORT REPORT\u00a0 |\u00a0 <span style=\"color: #e02b20;\">OPEN ACCESS<\/span><\/h3>\n<p><a href=\"http:\/\/creativecommons.org\/licenses\/by-nc-sa\/4.0\/\" rel=\"&lt;a rel=&quot;license&quot; href=&quot;http:\/\/creativecommons.org\/licenses\/by-nc-sa\/4.0\/&quot;&gt;&lt;img alt=&quot;Licenza Creative Commons&quot; style=&quot;border-width:0&quot; src=&quot;https:\/\/i.creativecommons.org\/l\/by-nc-sa\/4.0\/80x15.png&quot; \/&gt;&lt;\/a&gt;&lt;br \/&gt;&lt;span xmlns:dct=&quot;http:\/\/purl.org\/dc\/terms\/&quot; href=&quot;http:\/\/purl.org\/dc\/dcmitype\/Text&quot; property=&quot;dct:title&quot; rel=&quot;dct:type&quot;&gt;Overview e Criteri-based sulla rimodulazione tecnico e tattica nella Late-stage Riabilitativa calcistica: Short Report&lt;\/span&gt; di&lt;a xmlns:cc=&quot;http:\/\/creativecommons.org\/ns#&quot; href=&quot;https:\/\/giosbejournal.com\/index.php\/overview-e-criteri-based-sulla-rimodulazione-tecnico-e-tattica-nella-late-stage-riabilitativa-calcistica-short-report\/&quot; property=&quot;cc:attributionName&quot; rel=&quot;cc:attributionURL&quot;&gt;Rosario D'Onofrio, Pasquale Tamburrino, Enrico Castellacci, Claudio Civitillo&lt;\/a&gt; \u00e8 distribuito con Licenza &lt;a rel=&quot;license&quot; href=&quot;http:\/\/creativecommons.org\/licenses\/by-nc-sa\/4.0\/&quot;&gt;Creative Commons Attribuzione - Non commerciale - Condividi allo stesso modo 4.0 Internazionale&lt;\/a&gt;.&lt;br \/&gt;Based on a work at &lt;a xmlns:dct=&quot;http:\/\/purl.org\/dc\/terms\/&quot; href=&quot;https:\/\/giosbejournal.com\/index.php\/overview-e-criteri-based-sulla-rimodulazione-tecnico-e-tattica-nella-late-stage-riabilitativa-calcistica-short-report\/&quot; rel=&quot;dct:source&quot;&gt;https:\/\/giosbejournal.com\/index.php\/overview-e-criteri-based-sulla-rimodulazione-tecnico-e-tattica-nella-late-stage-riabilitativa-calcistica-short-report\/&lt;\/a&gt;.&lt;br \/&gt;Permessi ulteriori rispetto alle finalit\u00e0 della presente licenza possono essere disponibili presso &lt;a xmlns:cc=&quot;http:\/\/creativecommons.org\/ns#&quot; href=&quot;https:\/\/giosbejournal.com\/index.php\/overview-e-criteri-based-sulla-rimodulazione-tecnico-e-tattica-nella-late-stage-riabilitativa-calcistica-short-report\/&quot; rel=&quot;cc:morePermissions&quot;&gt;https:\/\/giosbejournal.com\/index.php\/overview-e-criteri-based-sulla-rimodulazione-tecnico-e-tattica-nella-late-stage-riabilitativa-calcistica-short-report\/&lt;\/a&gt;.\"><img loading=\"lazy\" class=\"alignnone\" src=\"https:\/\/i.creativecommons.org\/l\/by-nc-sa\/4.0\/80x15.png\" alt=\"Licenza Creative Commons\" width=\"80\" height=\"15\" \/><\/a><\/p>\n<p style=\"text-align: justify;\"><strong>Copyright:<\/strong> \u00a92021\u00a0 Questo \u00e8 un articolo open-access, distribuito con licenza Creative Commons Attribution, che ne consente l\u2019utilizzo, la distribuzione e la riproduzione su qualsiasi supporto esclusivamente per fini non commerciali, a condizione di riportare sempre autore e citazione originale.<\/p>\n<h3 style=\"text-align: justify;\"><strong>Overview e Criteri-based sulla rimodulazione tecnico e tattica nella Late-stage Riabilitativa calcistica: Short Report<\/strong><\/h3>\n<p><strong><a href=\"https:\/\/orcid.org\/0000-0002-8995-3072\"><img loading=\"lazy\" class=\"alignnone wp-image-4949 size-full\" src=\"..\/..\/wp-content\/uploads\/2017\/11\/ORCIDiD_icon16x16.png\" alt=\"orcidid_icon16x16\" width=\"16\" height=\"16\" \/><\/a><a href=\"https:\/\/orcid.org\/0000-0002-8995-3072\"> Rosario <\/a><a href=\"https:\/\/orcid.org\/0000-0002-8995-3072\">D\u2019Onofrio<\/a><\/strong>; <strong><a href=\"https:\/\/pubmed.ncbi.nlm.nih.gov\/?term=Tamburrino+P&amp;cauthor_id=27973762\">Pasquale Tamburrino;<\/a><\/strong> <strong><a href=\"https:\/\/pubmed.ncbi.nlm.nih.gov\/?term=Castellacci+E&amp;cauthor_id=27973762\">Enrico Castellacci<\/a>;<\/strong> <a href=\"http:\/\/orcid.org\/0000-0002-9181-9358\"><strong class=\"alignnone\"><img loading=\"lazy\" class=\"alignnone wp-image-4949 size-full\" src=\"..\/..\/wp-content\/uploads\/2017\/11\/ORCIDiD_icon16x16.png\" alt=\"orcidid_icon16x16\" width=\"16\" height=\"16\" \/> Claudio Civitillo<\/strong><\/a> \u00a9 Author(s) 2021; GIOSBE Journal 2021 | Vol\u00a0 <strong>7<\/strong>: 1<\/p>\n<p>ABSTRACT<\/p>\n<p style=\"text-align: justify;\"><strong>Background<\/strong>. I criteri del ritorno allo sport (RtSp) dopo un infortunio presentano, nella realt\u00e0 clinica, parametri non omogenei e spesso strutturati su valutazioni soggettive. La mancanza di una chiara terminologia e comunicazione condivisa accentua il disagio programmatico riabilitativo finalizzato al RtSp. <strong>Descrizione<\/strong>. Il recupero della gestualit\u00e0 tecnico-atletica \u00e8 uno degli obiettivi delle fasi finali del RtSp. La rielaborazione dei processi tecnici individuali e tattici, di squadra, completa il puzzle valutativo prima del consensus per la ripresa atletica specifica. L\u2019Interval Kicking Program (IKP) \u00e8 un modello proposto come una rimodulazione neuromotoria della gestualit\u00e0 e della tecnica di base dopo un infortunio. La progressione didattica \u00e8 strutturata in relazione alle diversificate tecniche di passaggio e di ricezione della palla. Il volume, l\u2019intensit\u00e0 e gli step di avanzamento sono regolati: <em>i).<\/em> Da status clinico (tipologia dell\u2019infortunio, tipo di trattamento conservativo\/chirurgico, tipo di sport), <em>ii).<\/em> Da status della performance, <em>iii).<\/em> Dall\u2019analisi valutativa oggettiva e dei follow-up periodici. L\u2019IKP deve essere proposto quando si raggiungono equilibri di simmetria side to side di forza e di movimento. Rimane giusto suggerire come partner di movimento aberranti, durante il ritorno alla piena attivit\u00e0 sportiva, sono predittivi del rischio di un secondo infortunio. <strong>Conclusione<\/strong>. La rimodulazione dei fondamentali tecnici di base nel calciatore infortunato rientra tra gli obiettivi primari, finali, prima del ritorno alla piena attivit\u00e0 sportiva. L\u2019IKP, proposto nella letteratura internazionale, \u00e8 un modello didattico per riportare gradualmente un giocatore infortunato all\u2019allenamento con la palla. L\u2019IKP e il kiching load deve variare secondo noi in base al quadro clinico, al tipo di infortunio, al processo riabilitativo e allo status del livello di performance. La riprogrammazione tecnica \u00e8 meglio descritta utilizzando un approccio basato sulla velocit\u00e0 della palla.<\/p>\n<p><strong><em>Key Words: <\/em><\/strong><em>Return to sports, Groin Pain, Interval Kicking Program, Soccer kicking, Ball Possession<\/em><em><br \/>\n<\/em><\/p>\n<p>\u00a9 Author(s) 2021; GIOSBE Journal 2021 | Vol\u00a0 <strong>7 <\/strong>(1)<strong><br \/>\n<\/strong><\/p>\n<p>&#x1f4e7; donofrio.rosario@virgilio.it<\/p>\n<p>Riceived: 15\/04\/2021 | Accepted:\u00a0 21\/04\/2021 | Published on 23\/06\/2021<\/p>\n<p>[\/et_pb_text][\/et_pb_column][et_pb_column type=&#8221;1_4&#8243;][et_pb_toggle admin_label=&#8221;PDF&#8221; title=&#8221; PDF &#8221; open=&#8221;off&#8221; closed_toggle_background_color=&#8221;#d3340c&#8221; closed_toggle_text_color=&#8221;#ffffff&#8221; use_border_color=&#8221;off&#8221; border_color=&#8221;#ffffff&#8221; border_style=&#8221;solid&#8221; disabled=&#8221;off&#8221;]<\/p>\n<p><a href=\"https:\/\/drive.google.com\/file\/d\/1sKtllNPbK1s6dfLAnp6jkrRHQzP0MVS8\/view?usp=sharing\"><strong>PDF<\/strong><\/a><\/p>\n<p><span style=\"border-radius: 2px; text-indent: 20px; width: auto; padding: 0px 4px 0px 0px; text-align: center; font: bold 11px\/20px 'Helvetica Neue',Helvetica,sans-serif; color: #ffffff; background: #bd081c no-repeat scroll 3px 50% \/ 14px 14px; position: absolute; opacity: 1; z-index: 8675309; display: none; cursor: pointer; top: 29px; left: 40px;\">Salva<\/span><\/p>\n<p><span style=\"border-radius: 2px; text-indent: 20px; width: auto; padding: 0px 4px 0px 0px; text-align: center; font: bold 11px\/20px 'Helvetica Neue',Helvetica,sans-serif; color: #ffffff; background: #bd081c no-repeat scroll 3px 50% \/ 14px 14px; position: absolute; opacity: 1; z-index: 8675309; display: none; cursor: pointer; top: 36px; left: 40px;\">Salva<\/span><\/p>\n<p><span style=\"border-radius: 2px; text-indent: 20px; width: auto; padding: 0px 4px 0px 0px; text-align: center; font: bold 11px\/20px 'Helvetica Neue',Helvetica,sans-serif; color: #ffffff; background: #bd081c no-repeat scroll 3px 50% \/ 14px 14px; position: absolute; opacity: 1; z-index: 8675309; display: none; cursor: pointer; top: 36px; left: 40px;\">Salva<\/span><\/p>\n<p><span style=\"border-radius: 2px; text-indent: 20px; width: auto; padding: 0px 4px 0px 0px; text-align: center; font: bold 11px\/20px 'Helvetica Neue',Helvetica,sans-serif; color: #ffffff; background: #bd081c no-repeat scroll 3px 50% \/ 14px 14px; position: absolute; opacity: 1; z-index: 8675309; display: none; cursor: pointer;\">Salva<\/span><\/p>\n<p><span style=\"border-radius: 2px; text-indent: 20px; width: auto; padding: 0px 4px 0px 0px; text-align: center; font: bold 11px\/20px 'Helvetica Neue',Helvetica,sans-serif; color: #ffffff; background: #bd081c no-repeat scroll 3px 50% \/ 14px 14px; position: absolute; opacity: 1; z-index: 8675309; display: none; cursor: pointer; top: 36px; left: 40px;\">Salva<\/span><\/p>\n<p>[\/et_pb_toggle][et_pb_text admin_label=&#8221;barra&#8221; background_layout=&#8221;light&#8221; text_orientation=&#8221;left&#8221; use_border_color=&#8221;off&#8221; border_style=&#8221;solid&#8221; disabled=&#8221;off&#8221;]<\/p>\n<hr \/>\n<p>[\/et_pb_text][et_pb_social_media_follow admin_label=&#8221;Spazio&#8221; link_shape=&#8221;circle&#8221; background_layout=&#8221;light&#8221; url_new_window=&#8221;off&#8221; follow_button=&#8221;off&#8221; disabled=&#8221;off&#8221;] [\/et_pb_social_media_follow][et_pb_toggle admin_label=&#8221;BOX KEY POINTS&#8221; title=&#8221;Box Key Points &#8221; open=&#8221;off&#8221; use_border_color=&#8221;off&#8221; border_color=&#8221;#ffffff&#8221; border_width=&#8221;1px&#8221; border_style=&#8221;solid&#8221; disabled=&#8221;off&#8221;]<\/p>\n<p style=\"text-align: justify;\"><strong>&#x1f50a; Indirizzi finali.<\/strong> La maggior parte dei protocolli riabilitativi, utilizzati per il consequenziale RtSp, comportano la valutazione dello stato clinico del processo di guarigione. Test funzionali hanno dimostrato scarsa abilit\u00e0 predittiva sul ritorno alla piena attivit\u00e0 sportiva. Sull\u2019organizzazione del RtSp dopo un infortunio, non vi \u00e8 in definitiva un consensus scientifico. Questo, sicuramente, pu\u00f2 riportare ad un ritardo del processo riabilitativo, con un incremento del rischio di re-lesione e\/o complicanze, sia ad una riduzione successiva delle performance una volta che l\u2019atleta \u00e8 ritornato all\u2019attivit\u00e0 agonistica<sup>11<\/sup><\/p>\n<p style=\"text-align: justify;\">&#x1f50a; <strong>Indirizzi finali.<\/strong> Il programma di IKP descrive le linee guida cliniche per iniziare un programma di tecnica di base. L\u2019IKP introduce gradualmente un giocatore al carico e all\u2019impatto con il pallone. Il programma viene eseguito a giorni alterni integrando esercizio terapeutico e performance cardiovascolare La progressione della ri-modulazione della tecnica di base pu\u00f2 essere strutturata sia aumentando la distanza (breve, media, lunga) del passaggio o in relazione alla velocit\u00e0 della palla. Non dobbiamo dimenticare, per\u00f2, come la velocit\u00e0 della palla e direttamente proporzionale: a) l\u2019effetto dell&#8217;et\u00e0, b) il sesso, c) l\u2019arto dominante e non, d) il tempo di allenamento, e) il livello di competizione, f) posizione di gioco, g) il terreno di gioco, h) le diverse superfici di contatto del piede con la palla, i) con o senza una precedente rincorsa<sup>31. <\/sup>Il quadro clinico e funzionale, e il feedback espresso dai calciatori\u00a0\u00a0 definisce l\u2019avanzamento tra le varie fasi del ritorno allo sport.\u00a0\u00a0 L\u2019IKP deve essere personalizzato in relazione alla patologia, all\u2019evoluzione del processo riabilitavo e\/o a storie di lesioni pregresse. Una errata programmazione e strutturazione del processo riabilitativo e del timing del fase di transizioni, non basate sulle evidenze scientifiche, comporter\u00e0 un incremento dei fattori di rischio di groin pain, e lesioni muscolari a carico in particolare con riferimento dell\u2019adduttore lungo e il Femoro Acetabular Impingement (FAI) nei giovani atleti per una gestualit\u00e0 ad alto impatto<\/p>\n<p style=\"text-align: justify;\">&#x1f50a; <strong>Riflessioni cliniche rilevanti (FAI). <\/strong>Uno sport ad alto impatto<sup>37<\/sup> \u00e8 spesso associato ad un aumentato rischio, in giovani atleti, di un FAI<sup>31,36,37<\/sup>. Cos\u00ec \u00e8 ipotizzata l\u2019esistenza, in giovani calciatori, di un legame tra attivit\u00e0 fisica intensa o sovraccarichi funzionali con lo sviluppo di una deformit\u00e0 morfologica dell\u2019anca FAI tipo Cam, in particolar modo durante la maturazione scheletrica<sup>31,36,37<\/sup>. Screening test pre-season sono raccomandati, come primo approccio per valutare il FAI in atleti asintomatici: a) i test di Impingement, b) il test FABER e FADIR, c) Stinchfield test per lesione del labbro anteriore e test di conflitto posteriore<sup>37 <\/sup> tutto associato e correlato alla radiografia convenzionale, della RM o dell\u2019artro RM per determinare l\u2019alpha angle e la patologia labrale<sup>36<\/sup>. \u00c8 stato riportato, in un lavoro recente<sup>31<\/sup>, che una restrizione di mobilit\u00e0 dell\u2019articolazione dell\u2019anca e FAI rappresentano un importante fattore di rischio nelle lesione del Legamento Crociato Anteriore (LCA). Studi clinici hanno valutato principalmente le limitazioni al movimento dell\u2019anca in pazienti con lesione del LCA e numerosi studi di questo tipo hanno dimostrato una relazione tra restrizioni del range articolare dell\u2019anca e lesione del LCA. Possiamo affermare come l\u2019incremento dei fattori di rischio di lesioni traumatiche da sport \u00e8 associato, in particolar modo, a una restrizione della rotazione interna (Hip Internal Rotation- HIR) dell\u2019anca. Inoltre, una lesione del LCA \u00e8 spesso associata al FAI in una popolazione generalizzata di giovani atleti di sesso sia maschile che femminile. Rimane da sottolineare come la un falso positivo \u00e8 possibile se le misurazioni non sono condotte su un singolo piano, o se \u00e8 consentita la compensazione dal bacino e dalla zona anatomica lombare<sup>30<\/sup><\/p>\n<p style=\"text-align: justify;\">&#x1f50a; <strong>Riflessioni cliniche rilevanti (FAI\/LCA). <\/strong>Una riduzione del range della rotazione femorale interna determina un maggiore stress tensionale sul LCA e pu\u00f2 quindi incrementare i fattori di rischio di lesioni capsulo legamentose del ginocchio in sport a gestualit\u00e0 specifiche di cutting and pivoting. Il FAI, in giovani atleti, si correla con restrizioni di mobilit\u00e0 dell\u2019articolazione sui diversi piani funzionali<sup>31,36,37<\/sup>. Screening atti ad individuare restrizioni di mobilit\u00e0, in particolar modo della rotazione interna dell\u2019anca dovrebbero diventare un componente fondamentale non solo prima della ri-apprendimento delle abilit\u00e0 tecniche di base ma anche nei programmi di prevenzione delle lesioni del LCA<\/p>\n<p>[\/et_pb_toggle][et_pb_blurb admin_label=&#8221;View all articles&#8221; title=&#8221;View all articles&#8221; url_new_window=&#8221;off&#8221; use_icon=&#8221;off&#8221; font_icon=&#8221;%%38%%&#8221; icon_color=&#8221;#7EBEC5&#8243; use_circle=&#8221;off&#8221; circle_color=&#8221;#7EBEC5&#8243; use_circle_border=&#8221;off&#8221; circle_border_color=&#8221;#7EBEC5&#8243; icon_placement=&#8221;top&#8221; animation=&#8221;top&#8221; background_layout=&#8221;light&#8221; text_orientation=&#8221;left&#8221; use_icon_font_size=&#8221;off&#8221; use_border_color=&#8221;off&#8221; border_color=&#8221;#ffffff&#8221; border_style=&#8221;solid&#8221;] [\/et_pb_blurb][et_pb_post_nav admin_label=&#8221;Navigazione post articoli&#8221; in_same_term=&#8221;off&#8221; hide_prev=&#8221;off&#8221; hide_next=&#8221;off&#8221; title_font_size=&#8221;14px&#8221; title_letter_spacing=&#8221;0px&#8221; title_line_height=&#8221;1em&#8221; use_border_color=&#8221;off&#8221; border_color=&#8221;#ffffff&#8221; border_width=&#8221;1px&#8221; border_style=&#8221;solid&#8221; custom_css_next_link=&#8221;https:\/\/giosbejournal.com\/index.php\/articles-2\/&#8221; disabled=&#8221;off&#8221;] [\/et_pb_post_nav][et_pb_post_slider admin_label=&#8221;Slider post&#8221; posts_number=&#8221;5&#8243; include_categories=&#8221;5,6&#8243; orderby=&#8221;title_asc&#8221; show_arrows=&#8221;on&#8221; show_pagination=&#8221;on&#8221; show_more_button=&#8221;on&#8221; more_text=&#8221;Read More&#8221; content_source=&#8221;off&#8221; use_manual_excerpt=&#8221;on&#8221; excerpt_length=&#8221;270&#8243; show_meta=&#8221;on&#8221; background_layout=&#8221;dark&#8221; show_image=&#8221;on&#8221; image_placement=&#8221;background&#8221; parallax=&#8221;off&#8221; parallax_method=&#8221;off&#8221; use_bg_overlay=&#8221;on&#8221; use_text_overlay=&#8221;off&#8221; remove_inner_shadow=&#8221;off&#8221; background_position=&#8221;default&#8221; background_size=&#8221;default&#8221; auto=&#8221;on&#8221; auto_speed=&#8221;4000&#8243; auto_ignore_hover=&#8221;on&#8221; hide_content_on_mobile=&#8221;off&#8221; hide_cta_on_mobile=&#8221;off&#8221; show_image_video_mobile=&#8221;off&#8221; text_border_radius=&#8221;3&#8243; meta_font_size=&#8221;16px&#8221; meta_letter_spacing=&#8221;0&#8243; meta_line_height=&#8221;1em&#8221; custom_button=&#8221;off&#8221; button_text_size=&#8221;20&#8243; button_letter_spacing=&#8221;0&#8243; button_use_icon=&#8221;default&#8221; button_icon_placement=&#8221;right&#8221; button_on_hover=&#8221;on&#8221; button_letter_spacing_hover=&#8221;0&#8243; disabled=&#8221;off&#8221;] [\/et_pb_post_slider][\/et_pb_column][\/et_pb_row][\/et_pb_section][et_pb_section admin_label=&#8221;Sezione&#8221; transparent_background=&#8221;off&#8221; background_color=&#8221;#f2f2f2&#8243; allow_player_pause=&#8221;off&#8221; inner_shadow=&#8221;off&#8221; parallax=&#8221;off&#8221; parallax_method=&#8221;on&#8221; custom_padding=&#8221;0px|0px|0px|0px&#8221; make_fullwidth=&#8221;off&#8221; use_custom_width=&#8221;off&#8221; width_unit=&#8221;off&#8221; custom_width_px=&#8221;1080px&#8221; custom_width_percent=&#8221;80%&#8221; make_equal=&#8221;off&#8221; use_custom_gutter=&#8221;off&#8221; fullwidth=&#8221;off&#8221; specialty=&#8221;off&#8221; disabled=&#8221;off&#8221;][et_pb_row admin_label=&#8221;Riga&#8221; make_fullwidth=&#8221;off&#8221; use_custom_width=&#8221;off&#8221; width_unit=&#8221;off&#8221; custom_width_px=&#8221;1080px&#8221; custom_width_percent=&#8221;80%&#8221; use_custom_gutter=&#8221;off&#8221; gutter_width=&#8221;3&#8243; allow_player_pause=&#8221;off&#8221; parallax=&#8221;off&#8221; parallax_method=&#8221;on&#8221; make_equal=&#8221;off&#8221; parallax_1=&#8221;off&#8221; parallax_method_1=&#8221;on&#8221; parallax_2=&#8221;off&#8221; parallax_method_2=&#8221;on&#8221; parallax_3=&#8221;off&#8221; parallax_method_3=&#8221;on&#8221; parallax_4=&#8221;off&#8221; parallax_method_4=&#8221;on&#8221; disabled=&#8221;off&#8221;][et_pb_column type=&#8221;2_3&#8243;][et_pb_text admin_label=&#8221;Testo&#8221; background_layout=&#8221;light&#8221; text_orientation=&#8221;left&#8221; use_border_color=&#8221;off&#8221; border_style=&#8221;solid&#8221; disabled=&#8221;off&#8221;]<\/p>\n<h4><em><strong>GJ Open Access<br \/>\n<\/strong><\/em><\/h4>\n<p style=\"text-align: justify;\">[\/et_pb_text][\/et_pb_column][et_pb_column type=&#8221;1_3&#8243;][et_pb_text admin_label=&#8221;Testo&#8221; background_layout=&#8221;light&#8221; text_orientation=&#8221;left&#8221; use_border_color=&#8221;off&#8221; border_style=&#8221;solid&#8221; disabled=&#8221;off&#8221;]<\/p>\n<h4><em>Contact<\/em><\/h4>\n<h4><em><strong>Support email<\/strong><\/em><\/h4>\n<p><a href=\"mailto:segreteria.giosbe@gmail.com\">segreteria.giosbe@gmail.com<\/a><\/p>\n<h4><em><strong>Editorial email<\/strong><\/em><\/h4>\n<p><a href=\"mailto:info@giosbejournal.com\">info@giosbejournal.com<\/a><\/p>\n<p style=\"text-align: justify;\">[\/et_pb_text][\/et_pb_column][\/et_pb_row][\/et_pb_section]<\/p>\n","protected":false},"excerpt":{"rendered":"<p>Salva Salva Salva Salva SHORT REPORT\u00a0 |\u00a0 OPEN ACCESS Copyright: \u00a92021\u00a0 Questo \u00e8 un articolo open-access, distribuito con licenza Creative Commons Attribution, che ne consente l\u2019utilizzo, la distribuzione e la riproduzione su qualsiasi supporto esclusivamente per fini non commerciali, a condizione di riportare sempre autore e citazione originale. Overview e Criteri-based sulla rimodulazione tecnico e [&hellip;]<\/p>\n","protected":false},"author":1,"featured_media":0,"parent":0,"menu_order":0,"comment_status":"closed","ping_status":"closed","template":"","meta":{"_et_pb_use_builder":"on","_et_pb_old_content":"","_et_gb_content_width":""},"_links":{"self":[{"href":"https:\/\/www.giosbejournal.com\/index.php\/wp-json\/wp\/v2\/pages\/5121"}],"collection":[{"href":"https:\/\/www.giosbejournal.com\/index.php\/wp-json\/wp\/v2\/pages"}],"about":[{"href":"https:\/\/www.giosbejournal.com\/index.php\/wp-json\/wp\/v2\/types\/page"}],"author":[{"embeddable":true,"href":"https:\/\/www.giosbejournal.com\/index.php\/wp-json\/wp\/v2\/users\/1"}],"replies":[{"embeddable":true,"href":"https:\/\/www.giosbejournal.com\/index.php\/wp-json\/wp\/v2\/comments?post=5121"}],"version-history":[{"count":61,"href":"https:\/\/www.giosbejournal.com\/index.php\/wp-json\/wp\/v2\/pages\/5121\/revisions"}],"predecessor-version":[{"id":5628,"href":"https:\/\/www.giosbejournal.com\/index.php\/wp-json\/wp\/v2\/pages\/5121\/revisions\/5628"}],"wp:attachment":[{"href":"https:\/\/www.giosbejournal.com\/index.php\/wp-json\/wp\/v2\/media?parent=5121"}],"curies":[{"name":"wp","href":"https:\/\/api.w.org\/{rel}","templated":true}]}}